{"id":24783,"date":"2025-09-09T16:28:20","date_gmt":"2025-09-09T13:28:20","guid":{"rendered":"https:\/\/yigitosgb.com\/?page_id=24783"},"modified":"2025-09-22T13:52:41","modified_gmt":"2025-09-22T10:52:41","slug":"mobil-saglik-taramasi","status":"publish","type":"page","link":"https:\/\/yigitosgb.com\/index.php\/mobil-saglik-taramasi\/","title":{"rendered":"MOB\u0130L SA\u011eLIK TARAMASI"},"content":{"rendered":"<div class=\"wpb-content-wrapper\"><p>[vc_row height=&#8221;auto&#8221; css=&#8221;.vc_custom_1496595329737{margin-top: -100px !important;}&#8221;][vc_column][vc_empty_space height=&#8221;100&#8243;][vc_custom_heading text=&#8221;MOB\u0130L SA\u011eLIK TARAMASI H\u0130ZMET\u0130&#8221; font_container=&#8221;tag:h3|text_align:left&#8221; google_fonts=&#8221;font_family:Anton%3Aregular|font_style:400%20regular%3A400%3Anormal&#8221;][\/vc_column][\/vc_row][vc_row content_placement=&#8221;middle&#8221; height=&#8221;auto&#8221; bg_type=&#8221;bg_color&#8221; bg_color_value=&#8221;#efefef&#8221; css=&#8221;.vc_custom_1496606800428{padding-top: -50px !important;padding-bottom: -50px !important;}&#8221;][vc_column][vc_empty_space height=&#8221;20px&#8221;][vc_column_text]<\/p>\n<ul>\n<li>Mobil sa\u011fl\u0131k hizmetleri destekledi\u011fimiz kurulu\u015flar taraf\u0131ndan istedi\u011finiz g\u00fcn ve saatlerde i\u015fyerinize gelinerek \u00e7al\u0131\u015fanlar\u0131n\u0131z\u0131n sa\u011fl\u0131k kontrolleri ger\u00e7ekle\u015ftirilir.<\/li>\n<li>Mobil sa\u011fl\u0131k hizmeti ile hem \u00e7al\u0131\u015fanlar\u0131n\u0131z\u0131n sa\u011fl\u0131\u011f\u0131n\u0131 kontrol ettirir hem de i\u015f g\u00fcc\u00fc kayb\u0131n\u0131 \u00f6nlersiniz.<\/li>\n<li>Mobil sa\u011fl\u0131k ara\u00e7lar\u0131 tam donan\u0131ml\u0131 olup, T\u00fcrkiye Atom Enerjisi Kurumu (TAEK) onayl\u0131d\u0131r.<\/li>\n<li>Yetkin sa\u011fl\u0131k personelleri taraf\u0131ndan sa\u011fl\u0131k taramalar\u0131 ger\u00e7ekle\u015ftirilir.<\/li>\n<li>Yap\u0131lan testler uzman hekimlerimiz taraf\u0131ndan kontrol edildikten sonra sonu\u00e7lar i\u015fyerinize g\u00f6nderilir.<\/li>\n<li>\u0130\u015fyeri hekimli\u011fi hizmeti verdi\u011fimiz firmalar\u0131n raporlar\u0131 i\u015fyeri hekimimiz taraf\u0131ndan incelenerek sa\u011fl\u0131k kontrolleri yap\u0131l\u0131r.<\/li>\n<\/ul>\n<p>[\/vc_column_text][vc_empty_space height=&#8221;0px&#8221;][\/vc_column][\/vc_row][vc_row height=&#8221;auto&#8221; css=&#8221;.vc_custom_1495988000222{margin-top: 0px !important;}&#8221;][vc_column][vc_empty_space height=&#8221;20px&#8221;][vc_column_text]<\/p>\n<h4>Sa\u011fl\u0131k Taramas\u0131 Arac\u0131m\u0131zda<\/h4>\n<ul>\n<li>PA Akci\u011fer Grafisi<\/li>\n<li>Odyometri<\/li>\n<li>Hemogram<\/li>\n<li>Solunum Fonksiyonu Testi<\/li>\n<li>Tetanoz A\u015f\u0131s\u0131<\/li>\n<li>EKG<\/li>\n<li>G\u00f6z muayenesi<\/li>\n<li>Tam \u0130drar Tahlili<\/li>\n<li>Kan Grubu Tayini<\/li>\n<li>Port\u00f6r Muayeneleri<\/li>\n<li>T\u00fcm Biyokimya Tetkikleri<\/li>\n<li>T\u00fcm Mikrobiyoloji Tetkikleri<\/li>\n<\/ul>\n<p>hizmetleri verilmektedir.<\/p>\n<p>Bunun yan\u0131nda \u0130\u015f Sa\u011fl\u0131\u011f\u0131 G\u00fcvenli\u011fi mevzuatlar\u0131n\u0131n \u00f6ng\u00f6rd\u00fc\u011f\u00fc t\u00fcm laboratuvar testleri de yap\u0131lmaktad\u0131r.<\/p>\n<p><strong>\u0130\u015f Sa\u011fl\u0131\u011f\u0131 ve G\u00fcvenli\u011fi do\u011frultusunda Mobil Sa\u011fl\u0131k Tarama Hizmetini Y\u0130\u011e\u0130T OSGB olarak ger\u00e7ekle\u015ftirmekteyiz.<\/strong>[\/vc_column_text][vc_empty_space height=&#8221;10px&#8221;][\/vc_column][\/vc_row]<\/p>\n<\/div>","protected":false},"excerpt":{"rendered":"<p>[vc_row height=&#8221;auto&#8221; css=&#8221;.vc_custom_1496595329737{margin-top: -100px !important;}&#8221;][vc_column][vc_empty_space height=&#8221;100&#8243;][vc_custom_heading text=&#8221;MOB\u0130L SA\u011eLIK TARAMASI H\u0130ZMET\u0130&#8221; font_container=&#8221;tag:h3|text_align:left&#8221; google_fonts=&#8221;font_family:Anton%3Aregular|font_style:400%20regular%3A400%3Anormal&#8221;][\/vc_column][\/vc_row][vc_row content_placement=&#8221;middle&#8221; height=&#8221;auto&#8221; bg_type=&#8221;bg_color&#8221; bg_color_value=&#8221;#efefef&#8221; css=&#8221;.vc_custom_1496606800428{padding-top: -50px !important;padding-bottom: -50px !important;}&#8221;][vc_column][vc_empty_space height=&#8221;20px&#8221;][vc_column_text] Mobil sa\u011fl\u0131k hizmetleri destekledi\u011fimiz kurulu\u015flar taraf\u0131ndan istedi\u011finiz g\u00fcn ve saatlerde i\u015fyerinize gelinerek \u00e7al\u0131\u015fanlar\u0131n\u0131z\u0131n sa\u011fl\u0131k kontrolleri ger\u00e7ekle\u015ftirilir. Mobil sa\u011fl\u0131k hizmeti ile hem \u00e7al\u0131\u015fanlar\u0131n\u0131z\u0131n sa\u011fl\u0131\u011f\u0131n\u0131 kontrol ettirir hem de i\u015f g\u00fcc\u00fc kayb\u0131n\u0131 \u00f6nlersiniz. Mobil sa\u011fl\u0131k [&hellip;]<\/p>\n","protected":false},"author":1,"featured_media":0,"parent":0,"menu_order":0,"comment_status":"closed","ping_status":"closed","template":"","meta":{"footnotes":""},"class_list":["post-24783","page","type-page","status-publish","hentry"],"_links":{"self":[{"href":"https:\/\/yigitosgb.com\/index.php\/wp-json\/wp\/v2\/pages\/24783","targetHints":{"allow":["GET"]}}],"collection":[{"href":"https:\/\/yigitosgb.com\/index.php\/wp-json\/wp\/v2\/pages"}],"about":[{"href":"https:\/\/yigitosgb.com\/index.php\/wp-json\/wp\/v2\/types\/page"}],"author":[{"embeddable":true,"href":"https:\/\/yigitosgb.com\/index.php\/wp-json\/wp\/v2\/users\/1"}],"replies":[{"embeddable":true,"href":"https:\/\/yigitosgb.com\/index.php\/wp-json\/wp\/v2\/comments?post=24783"}],"version-history":[{"count":2,"href":"https:\/\/yigitosgb.com\/index.php\/wp-json\/wp\/v2\/pages\/24783\/revisions"}],"predecessor-version":[{"id":24887,"href":"https:\/\/yigitosgb.com\/index.php\/wp-json\/wp\/v2\/pages\/24783\/revisions\/24887"}],"wp:attachment":[{"href":"https:\/\/yigitosgb.com\/index.php\/wp-json\/wp\/v2\/media?parent=24783"}],"curies":[{"name":"wp","href":"https:\/\/api.w.org\/{rel}","templated":true}]}}