{"id":24793,"date":"2025-09-09T16:39:58","date_gmt":"2025-09-09T13:39:58","guid":{"rendered":"https:\/\/yigitosgb.com\/?page_id=24793"},"modified":"2025-09-22T13:54:34","modified_gmt":"2025-09-22T10:54:34","slug":"bagimsiz-isg-denetimleri","status":"publish","type":"page","link":"https:\/\/yigitosgb.com\/index.php\/bagimsiz-isg-denetimleri\/","title":{"rendered":"BA\u011eIMSIZ \u0130SG DENET\u0130MLER\u0130"},"content":{"rendered":"<div class=\"wpb-content-wrapper\"><p>[vc_row height=&#8221;auto&#8221; css=&#8221;.vc_custom_1496595329737{margin-top: -100px !important;}&#8221;][vc_column][vc_empty_space height=&#8221;100&#8243;][vc_custom_heading text=&#8221;BA\u011eIMSIZ \u0130SG DENET\u0130MLER\u0130&#8221; font_container=&#8221;tag:h3|text_align:left&#8221; google_fonts=&#8221;font_family:Anton%3Aregular|font_style:400%20regular%3A400%3Anormal&#8221;][\/vc_column][\/vc_row][vc_row content_placement=&#8221;middle&#8221; height=&#8221;auto&#8221; bg_type=&#8221;bg_color&#8221; bg_color_value=&#8221;#efefef&#8221; css=&#8221;.vc_custom_1496606800428{padding-top: -50px !important;padding-bottom: -50px !important;}&#8221;][vc_column][vc_empty_space height=&#8221;20px&#8221;][vc_column_text]<strong>Y\u0130\u011e\u0130T OSGB<\/strong>, b\u00fcnyesinde g\u00f6revlendirdi\u011fi A, B, C S\u0131n\u0131f\u0131\u00a0 \u0130\u015f G\u00fcvenli\u011fi Uzmanlar\u0131yla, Emekli \u0130\u015f M\u00fcfetti\u015fleriyle,\u00a0 Akademisyenler ve konular\u0131nda uzmanla\u015fm\u0131\u015f m\u00fchendisleriyle firmalara en iyi hizmeti sunmaktad\u0131r.[\/vc_column_text][vc_empty_space height=&#8221;0px&#8221;][\/vc_column][\/vc_row]<\/p>\n<\/div>","protected":false},"excerpt":{"rendered":"<p>[vc_row height=&#8221;auto&#8221; css=&#8221;.vc_custom_1496595329737{margin-top: -100px !important;}&#8221;][vc_column][vc_empty_space height=&#8221;100&#8243;][vc_custom_heading text=&#8221;BA\u011eIMSIZ \u0130SG DENET\u0130MLER\u0130&#8221; font_container=&#8221;tag:h3|text_align:left&#8221; google_fonts=&#8221;font_family:Anton%3Aregular|font_style:400%20regular%3A400%3Anormal&#8221;][\/vc_column][\/vc_row][vc_row content_placement=&#8221;middle&#8221; height=&#8221;auto&#8221; bg_type=&#8221;bg_color&#8221; bg_color_value=&#8221;#efefef&#8221; css=&#8221;.vc_custom_1496606800428{padding-top: -50px !important;padding-bottom: -50px !important;}&#8221;][vc_column][vc_empty_space height=&#8221;20px&#8221;][vc_column_text]Y\u0130\u011e\u0130T OSGB, b\u00fcnyesinde g\u00f6revlendirdi\u011fi A, B, C S\u0131n\u0131f\u0131\u00a0 \u0130\u015f G\u00fcvenli\u011fi Uzmanlar\u0131yla, Emekli \u0130\u015f M\u00fcfetti\u015fleriyle,\u00a0 Akademisyenler ve konular\u0131nda uzmanla\u015fm\u0131\u015f m\u00fchendisleriyle firmalara en iyi hizmeti sunmaktad\u0131r.[\/vc_column_text][vc_empty_space height=&#8221;0px&#8221;][\/vc_column][\/vc_row]<\/p>\n","protected":false},"author":1,"featured_media":0,"parent":0,"menu_order":0,"comment_status":"closed","ping_status":"closed","template":"","meta":{"footnotes":""},"class_list":["post-24793","page","type-page","status-publish","hentry"],"_links":{"self":[{"href":"https:\/\/yigitosgb.com\/index.php\/wp-json\/wp\/v2\/pages\/24793","targetHints":{"allow":["GET"]}}],"collection":[{"href":"https:\/\/yigitosgb.com\/index.php\/wp-json\/wp\/v2\/pages"}],"about":[{"href":"https:\/\/yigitosgb.com\/index.php\/wp-json\/wp\/v2\/types\/page"}],"author":[{"embeddable":true,"href":"https:\/\/yigitosgb.com\/index.php\/wp-json\/wp\/v2\/users\/1"}],"replies":[{"embeddable":true,"href":"https:\/\/yigitosgb.com\/index.php\/wp-json\/wp\/v2\/comments?post=24793"}],"version-history":[{"count":1,"href":"https:\/\/yigitosgb.com\/index.php\/wp-json\/wp\/v2\/pages\/24793\/revisions"}],"predecessor-version":[{"id":24795,"href":"https:\/\/yigitosgb.com\/index.php\/wp-json\/wp\/v2\/pages\/24793\/revisions\/24795"}],"wp:attachment":[{"href":"https:\/\/yigitosgb.com\/index.php\/wp-json\/wp\/v2\/media?parent=24793"}],"curies":[{"name":"wp","href":"https:\/\/api.w.org\/{rel}","templated":true}]}}